{"id":23314,"date":"2023-03-21T11:16:41","date_gmt":"2023-03-21T15:16:41","guid":{"rendered":"https:\/\/collections.pacmusee.qc.ca\/copyrights-and-reproductions\/"},"modified":"2024-08-01T13:10:49","modified_gmt":"2024-08-01T17:10:49","slug":"copyrights-and-reproductions","status":"publish","type":"page","link":"https:\/\/collections.pacmusee.qc.ca\/en\/copyrights-and-reproductions\/","title":{"rendered":"Copyrights and reproductions"},"content":{"rendered":"\n<p> <\/p>\n\n\n\n<p><\/p>\n\n\n\n<h2 class=\"wp-block-heading has-large-font-size\">Licenses description<\/h2>\n\n\n\n<p>The license to use an image is displayed in the lower left-hand corner of the image, on every object sheet published online.<\/p>\n\n\n\n<p class=\"has-background\" style=\"background-color:#f6f6f6\"><strong>CC BY-NC-ND 4.0 <\/strong><br>The images are made available under the Creative Commons Attribution-NonCommercial-NoDerivatives 4.0 International license. This license does not allow image modification and no commercial use is permitted. Images are available for download in JPG format, in high resolution. Credit must be given when distributing. For more details about this license : <a href=\"https:\/\/creativecommons.org\/licenses\/by-nc-nd\/4.0\/\" target=\"_blank\" rel=\"noreferrer noopener\">https:\/\/creativecommons.org\/licenses\/by-nc-nd\/4.0\/<\/a><\/p>\n\n\n\n<p class=\"has-background\" style=\"background-color:#f6f6f6\"><strong>Copyright undetermined<\/strong><br>Images are available in low resolution and watermarked for viewing. Images cannot be downloaded. They may be shared in high resolution following receipt of a request and with authorization of the owner of the copyright. Charges may apply. If the owner of the work cannot be located, the applicant should contact the Copyright Board of Canada : <a href=\"https:\/\/cb-cda.gc.ca\/en\/unlocatable-owners\/general-information\">https:\/\/cb-cda.gc.ca\/en\/unlocatable-owners\/general-information<\/a><\/p>\n\n\n\n<p class=\"has-background\" style=\"background-color:#f6f6f6\"><strong>Protected by copyright<\/strong><br>The museum does not hold the reproduction rights for this image. A request must be submitted to the owner of the copyright by the applicant to obtain authorization to distribute the image. Fees may apply.<\/p>\n\n\n\n<h2 class=\"wp-block-heading has-large-font-size\">Credit notice<\/h2>\n\n\n\n<p>A credit note is mandatory when distributing an image. It is displayed at the bottom of each object file.<\/p>\n\n\n\n<div style=\"height:20px\" aria-hidden=\"true\" class=\"wp-block-spacer\"><\/div>\n\n\n\n<h2 class=\"wp-block-heading has-large-font-size\">Image requests<\/h2>\n\n\n\n<p>For all image requests, please consult our price list and fill out the form corresponding to your needs. :<\/p>\n\n\n\n<div style=\"height:10px\" aria-hidden=\"true\" class=\"wp-block-spacer\"><\/div>\n\n\n\n<div class=\"wp-block-buttons is-content-justification-left is-layout-flex wp-container-core-buttons-is-layout-fdcfc74e wp-block-buttons-is-layout-flex\">\n<div class=\"wp-block-button is-style-outline is-style-outline--1\"><a class=\"wp-block-button__link wp-element-button\" href=\"https:\/\/forms.office.com\/Pages\/ResponsePage.aspx?id=4iHKDwUoTk-HWyVdAzNW64y9CrUf3MFPvawqF1t_4gRUNlBGNlM5UkU4QlM3MlA1R0JRMzFQU0xOMi4u\" target=\"_blank\" rel=\"noreferrer noopener\">Commercial use<\/a><\/div>\n\n\n\n<div class=\"wp-block-button is-style-outline is-style-outline--2\"><a class=\"wp-block-button__link wp-element-button\" href=\"https:\/\/forms.office.com\/Pages\/ResponsePage.aspx?id=4iHKDwUoTk-HWyVdAzNW64y9CrUf3MFPvawqF1t_4gRUOTVWM0I5QlY0VlI0WE5ZVjFCWDJPSlo2Si4u\" target=\"_blank\" rel=\"noreferrer noopener\">Non commercial use<\/a><\/div>\n<\/div>\n\n\n\n<div style=\"height:30px\" aria-hidden=\"true\" class=\"wp-block-spacer\"><\/div>\n\n\n\n<p>Pointe-\u00e0-Calli\u00e8re reserves the right to limit or refuse any reproduction request to which the Museum is unable to respond.<\/p>\n\n\n\n<p>For further information, please contact: <a href=\"mailto:reproductions@pacmusee.qc.ca\">reproductions@pacmusee.qc.ca<\/a><\/p>\n\n\n\n<div style=\"height:35px\" aria-hidden=\"true\" class=\"wp-block-spacer\"><\/div>\n\n\n\n<p><strong><strong>Price list and deadlines \u2013 Objects with existing digital image<\/strong><\/strong><\/p>\n\n\n\n<figure class=\"wp-block-table\"><table><thead><tr><th>Type of request<\/th><th>One image of a specified object<\/th><th>Additionnal images of the same object (price per image)<\/th><th>Image delevery deadline<\/th><\/tr><\/thead><tbody><tr><td>Existing digital image of 3D object<\/td><td>50 $<\/td><td>30 $<\/td><td>15 business day<\/td><\/tr><tr><td>Existing digital image of 2D object<\/td><td>20 $<\/td><td>10 $<\/td><td>15 business day<\/td><\/tr><\/tbody><\/table><\/figure>\n\n\n\n<div style=\"height:20px\" aria-hidden=\"true\" class=\"wp-block-spacer\"><\/div>\n\n\n\n<p><em>All prices include GST (5%) and QST (9.975%).<\/em><\/p>\n","protected":false},"excerpt":{"rendered":"<p>Licenses description The license to use an image is displayed in the lower left-hand corner of the image, on every object sheet published online. CC BY-NC-ND 4.0 The images are made available under the Creative Commons Attribution-NonCommercial-NoDerivatives 4.0 International license. This license does not allow image modification and no commercial use is permitted. Images are [&hellip;]<\/p>\n","protected":false},"author":1,"featured_media":0,"parent":0,"menu_order":0,"comment_status":"closed","ping_status":"closed","template":"","meta":{"_acf_changed":false,"footnotes":""},"class_list":["post-23314","page","type-page","status-publish","hentry"],"acf":[],"yoast_head":"<!-- This site is optimized with the Yoast SEO plugin v26.8 - https:\/\/yoast.com\/product\/yoast-seo-wordpress\/ -->\n<title>Copyrights and reproductions - Collections ethnohistoriques<\/title>\n<meta name=\"robots\" content=\"index, follow, max-snippet:-1, max-image-preview:large, max-video-preview:-1\" \/>\n<link rel=\"canonical\" href=\"https:\/\/collections.pacmusee.qc.ca\/en\/copyrights-and-reproductions\/\" \/>\n<meta property=\"og:locale\" content=\"en_US\" \/>\n<meta property=\"og:type\" content=\"article\" \/>\n<meta property=\"og:title\" content=\"Copyrights and reproductions - Collections ethnohistoriques\" \/>\n<meta property=\"og:description\" content=\"Licenses description The license to use an image is displayed in the lower left-hand corner of the image, on every object sheet published online. CC BY-NC-ND 4.0 The images are made available under the Creative Commons Attribution-NonCommercial-NoDerivatives 4.0 International license. This license does not allow image modification and no commercial use is permitted. Images are [&hellip;]\" \/>\n<meta property=\"og:url\" content=\"https:\/\/collections.pacmusee.qc.ca\/en\/copyrights-and-reproductions\/\" \/>\n<meta property=\"og:site_name\" content=\"Collections ethnohistoriques \u2013 Pointe-\u00e0-Calli\u00e8re\" \/>\n<meta property=\"article:modified_time\" content=\"2024-08-01T17:10:49+00:00\" \/>\n<meta name=\"twitter:card\" content=\"summary_large_image\" \/>\n<meta name=\"twitter:label1\" content=\"Est. reading time\" \/>\n\t<meta name=\"twitter:data1\" content=\"2 minutes\" \/>\n<script type=\"application\/ld+json\" class=\"yoast-schema-graph\">{\"@context\":\"https:\/\/schema.org\",\"@graph\":[{\"@type\":\"WebPage\",\"@id\":\"https:\/\/collections.pacmusee.qc.ca\/en\/copyrights-and-reproductions\/\",\"url\":\"https:\/\/collections.pacmusee.qc.ca\/en\/copyrights-and-reproductions\/\",\"name\":\"Copyrights and reproductions - Collections ethnohistoriques\",\"isPartOf\":{\"@id\":\"https:\/\/collections.pacmusee.qc.ca\/en\/#website\"},\"datePublished\":\"2023-03-21T15:16:41+00:00\",\"dateModified\":\"2024-08-01T17:10:49+00:00\",\"inLanguage\":\"en-US\",\"potentialAction\":[{\"@type\":\"ReadAction\",\"target\":[\"https:\/\/collections.pacmusee.qc.ca\/en\/copyrights-and-reproductions\/\"]}]},{\"@type\":\"WebSite\",\"@id\":\"https:\/\/collections.pacmusee.qc.ca\/en\/#website\",\"url\":\"https:\/\/collections.pacmusee.qc.ca\/en\/\",\"name\":\"Collections ethnohistoriques \u2013 Pointe-\u00e0-Calli\u00e8re\",\"description\":\"D\u00e9couvrez les collections ethnohistoriques du mus\u00e9e Pointe-\u00e0-Calli\u00e8re.\",\"potentialAction\":[{\"@type\":\"SearchAction\",\"target\":{\"@type\":\"EntryPoint\",\"urlTemplate\":\"https:\/\/collections.pacmusee.qc.ca\/en\/?s={search_term_string}\"},\"query-input\":{\"@type\":\"PropertyValueSpecification\",\"valueRequired\":true,\"valueName\":\"search_term_string\"}}],\"inLanguage\":\"en-US\"}]}<\/script>\n<!-- \/ Yoast SEO plugin. -->","yoast_head_json":{"title":"Copyrights and reproductions - Collections ethnohistoriques","robots":{"index":"index","follow":"follow","max-snippet":"max-snippet:-1","max-image-preview":"max-image-preview:large","max-video-preview":"max-video-preview:-1"},"canonical":"https:\/\/collections.pacmusee.qc.ca\/en\/copyrights-and-reproductions\/","og_locale":"en_US","og_type":"article","og_title":"Copyrights and reproductions - Collections ethnohistoriques","og_description":"Licenses description The license to use an image is displayed in the lower left-hand corner of the image, on every object sheet published online. CC BY-NC-ND 4.0 The images are made available under the Creative Commons Attribution-NonCommercial-NoDerivatives 4.0 International license. This license does not allow image modification and no commercial use is permitted. Images are [&hellip;]","og_url":"https:\/\/collections.pacmusee.qc.ca\/en\/copyrights-and-reproductions\/","og_site_name":"Collections ethnohistoriques \u2013 Pointe-\u00e0-Calli\u00e8re","article_modified_time":"2024-08-01T17:10:49+00:00","twitter_card":"summary_large_image","twitter_misc":{"Est. reading time":"2 minutes"},"schema":{"@context":"https:\/\/schema.org","@graph":[{"@type":"WebPage","@id":"https:\/\/collections.pacmusee.qc.ca\/en\/copyrights-and-reproductions\/","url":"https:\/\/collections.pacmusee.qc.ca\/en\/copyrights-and-reproductions\/","name":"Copyrights and reproductions - Collections ethnohistoriques","isPartOf":{"@id":"https:\/\/collections.pacmusee.qc.ca\/en\/#website"},"datePublished":"2023-03-21T15:16:41+00:00","dateModified":"2024-08-01T17:10:49+00:00","inLanguage":"en-US","potentialAction":[{"@type":"ReadAction","target":["https:\/\/collections.pacmusee.qc.ca\/en\/copyrights-and-reproductions\/"]}]},{"@type":"WebSite","@id":"https:\/\/collections.pacmusee.qc.ca\/en\/#website","url":"https:\/\/collections.pacmusee.qc.ca\/en\/","name":"Collections ethnohistoriques \u2013 Pointe-\u00e0-Calli\u00e8re","description":"D\u00e9couvrez les collections ethnohistoriques du mus\u00e9e Pointe-\u00e0-Calli\u00e8re.","potentialAction":[{"@type":"SearchAction","target":{"@type":"EntryPoint","urlTemplate":"https:\/\/collections.pacmusee.qc.ca\/en\/?s={search_term_string}"},"query-input":{"@type":"PropertyValueSpecification","valueRequired":true,"valueName":"search_term_string"}}],"inLanguage":"en-US"}]}},"_links":{"self":[{"href":"https:\/\/collections.pacmusee.qc.ca\/en\/wp-json\/wp\/v2\/pages\/23314","targetHints":{"allow":["GET"]}}],"collection":[{"href":"https:\/\/collections.pacmusee.qc.ca\/en\/wp-json\/wp\/v2\/pages"}],"about":[{"href":"https:\/\/collections.pacmusee.qc.ca\/en\/wp-json\/wp\/v2\/types\/page"}],"author":[{"embeddable":true,"href":"https:\/\/collections.pacmusee.qc.ca\/en\/wp-json\/wp\/v2\/users\/1"}],"replies":[{"embeddable":true,"href":"https:\/\/collections.pacmusee.qc.ca\/en\/wp-json\/wp\/v2\/comments?post=23314"}],"version-history":[{"count":12,"href":"https:\/\/collections.pacmusee.qc.ca\/en\/wp-json\/wp\/v2\/pages\/23314\/revisions"}],"predecessor-version":[{"id":321448,"href":"https:\/\/collections.pacmusee.qc.ca\/en\/wp-json\/wp\/v2\/pages\/23314\/revisions\/321448"}],"wp:attachment":[{"href":"https:\/\/collections.pacmusee.qc.ca\/en\/wp-json\/wp\/v2\/media?parent=23314"}],"curies":[{"name":"wp","href":"https:\/\/api.w.org\/{rel}","templated":true}]}}