{"id":23298,"date":"2023-03-21T11:15:57","date_gmt":"2023-03-21T15:15:57","guid":{"rendered":"https:\/\/collections.pacmusee.qc.ca\/credits\/"},"modified":"2024-11-01T15:52:43","modified_gmt":"2024-11-01T19:52:43","slug":"credits","status":"publish","type":"page","link":"https:\/\/collections.pacmusee.qc.ca\/en\/credits\/","title":{"rendered":"Credits"},"content":{"rendered":"\n<p>The online publication of the ethnohistorical collections of Pointe-\u00e0-Calli\u00e8re was designed and carried out by Pointe-\u00e0-Calli\u00e8re, Montreal archaeology and history complexe, with the support of the Museums Assistance Program \u2013 Digital Access to Heritage component of the Canadian Heritage Ministry and the contribution of several partners. The Museum would like to warmly thank them!<\/p>\n\n\n\n<div style=\"height:48px\" aria-hidden=\"true\" class=\"wp-block-spacer\"><\/div>\n\n\n\n<p><strong>Credits<\/strong><\/p>\n\n\n\n<div class=\"wp-block-columns are-vertically-aligned-center is-layout-flex wp-container-core-columns-is-layout-9d6595d7 wp-block-columns-is-layout-flex\">\n<div class=\"wp-block-column is-vertically-aligned-center is-layout-flow wp-block-column-is-layout-flow\"><div class=\"wp-block-image\">\n<figure class=\"aligncenter size-large is-resized\"><img loading=\"lazy\" decoding=\"async\" width=\"1024\" height=\"424\" src=\"https:\/\/collections.pacmusee.qc.ca\/app\/uploads\/2023\/06\/paclogo_mention_noir-1024x424.png\" alt=\"\" class=\"wp-image-12616\" style=\"aspect-ratio:2.4150943396226414;width:279px;height:auto\" srcset=\"https:\/\/collections.pacmusee.qc.ca\/app\/uploads\/2023\/06\/paclogo_mention_noir-1024x424.png 1024w, https:\/\/collections.pacmusee.qc.ca\/app\/uploads\/2023\/06\/paclogo_mention_noir-300x124.png 300w, https:\/\/collections.pacmusee.qc.ca\/app\/uploads\/2023\/06\/paclogo_mention_noir-768x318.png 768w, https:\/\/collections.pacmusee.qc.ca\/app\/uploads\/2023\/06\/paclogo_mention_noir.png 1624w\" sizes=\"auto, (max-width: 1024px) 100vw, 1024px\" \/><\/figure>\n<\/div><\/div>\n\n\n\n<div class=\"wp-block-column is-vertically-aligned-center is-layout-flow wp-block-column-is-layout-flow\">\n<figure class=\"wp-block-image size-large is-resized\"><img loading=\"lazy\" decoding=\"async\" width=\"1024\" height=\"119\" src=\"https:\/\/collections.pacmusee.qc.ca\/app\/uploads\/2023\/10\/3li_fren_wordmark_c-1024x119.png\" alt=\"\" class=\"wp-image-23325\" style=\"aspect-ratio:8.605042016806722;width:416px;height:auto\" srcset=\"https:\/\/collections.pacmusee.qc.ca\/app\/uploads\/2023\/10\/3li_fren_wordmark_c-1024x119.png 1024w, https:\/\/collections.pacmusee.qc.ca\/app\/uploads\/2023\/10\/3li_fren_wordmark_c-300x35.png 300w, https:\/\/collections.pacmusee.qc.ca\/app\/uploads\/2023\/10\/3li_fren_wordmark_c-768x89.png 768w, https:\/\/collections.pacmusee.qc.ca\/app\/uploads\/2023\/10\/3li_fren_wordmark_c.png 1290w\" sizes=\"auto, (max-width: 1024px) 100vw, 1024px\" \/><\/figure>\n<\/div>\n<\/div>\n\n\n\n<div style=\"height:72px\" aria-hidden=\"true\" class=\"wp-block-spacer\"><\/div>\n\n\n\n<p><strong>Executive Director<\/strong><br>Anne-\u00c9lisabeth Thibault<\/p>\n\n\n\n<p><strong>Director, Collections \u2013 Programs and Services to the Public<\/strong><br>Katy Tari<\/p>\n\n\n\n<p><strong>Project Manager \u2013 Digital collections<\/strong><br>L\u00e9a Duflos<br>M\u00e9lissa Laporte-Parenteau<\/p>\n\n\n\n<p><strong>Content management<\/strong><br>Katy Tari<br>L\u00e9a Duflos<br>M\u00e9lissa Laporte-Parenteau<br>Joanne Burgess, Laboratoire d\u2019histoire et du patrimoine (LHPM-UQAM)<\/p>\n\n\n\n<p><strong>Project partners and validation<\/strong><br><strong>1- Historical validation and editing<\/strong><br>Joanne Burgess, Laboratoire d&#8217;histoire et de patrimoine de Montr\u00e9al (LHPM-UQAM)<br><strong>2- <strong>Pedagogical content validation<\/strong><\/strong><br>V\u00e9ronique Charlebois \u2014 Soci\u00e9t\u00e9 des professeurs d\u2019histoire du Qu\u00e9bec (SPHQ)<br><strong>3- User experience validation<\/strong><br>Martin Plante, MPO entreprise \u00e9ducatif<\/p>\n\n\n\n<p><strong>Researchers and writing historical contexts<\/strong><br> Annick Desmarais<br> Laurence Fleury<br> Louis Gagnon<br> Jean-Philippe Gauthier<br> Andr\u00e9 Gousse<br> Gabriel Harvey-Savard<br> Andrea Hauenschild<br> Martin Lavall\u00e9e<br> Fr\u00e9d\u00e9rique Leblanc<br> Nathalie L\u00e9gar\u00e9<br> Zo\u00e9 Leroux-Blain<br> Maryse M\u00e9nard<br> Aly Ndiaye (Webster)<br> Olivier Peroys<br> Sylvain Rivard<br> Fallon Rouillier<br> Alexis Roy<br> Guy Sioui-Durand<br> Nicolas Th\u00e9or\u00eat<br> Dorothy Williams<br><\/p>\n\n\n\n<p><strong>Photography<\/strong><br>Victor Diaz-Lamich<br>Paul Dionne<br>Michel Julien<br>Michel Pinault<\/p>\n\n\n\n<p><strong>Service providers<\/strong><\/p>\n\n\n\n<div class=\"wp-block-columns is-layout-flex wp-container-core-columns-is-layout-9d6595d7 wp-block-columns-is-layout-flex\">\n<div class=\"wp-block-column is-vertically-aligned-top is-layout-flow wp-block-column-is-layout-flow\">\n<figure class=\"wp-block-image size-full is-resized\"><a href=\"https:\/\/www.pdionnephoto.com\/\" target=\"_blank\" rel=\"noreferrer noopener\"><img loading=\"lazy\" decoding=\"async\" width=\"155\" height=\"25\" src=\"http:\/\/collections.pacmusee.qc.ca\/app\/uploads\/2023\/06\/logo-pdionne_home-3.png\" alt=\"\" class=\"wp-image-19093\" style=\"width:155px;height:25px\" srcset=\"https:\/\/collections.pacmusee.qc.ca\/app\/uploads\/2023\/06\/logo-pdionne_home-3.png 155w, https:\/\/collections.pacmusee.qc.ca\/app\/uploads\/2023\/06\/logo-pdionne_home-3-150x25.png 150w\" sizes=\"auto, (max-width: 155px) 100vw, 155px\" \/><\/a><\/figure>\n<\/div>\n<\/div>\n\n\n\n<div style=\"height:40px\" aria-hidden=\"true\" class=\"wp-block-spacer\"><\/div>\n\n\n\n<p><strong>Visual identity and website design<\/strong><\/p>\n\n\n\n<figure class=\"wp-block-image size-full is-resized\"><img loading=\"lazy\" decoding=\"async\" width=\"259\" height=\"84\" src=\"https:\/\/collections.pacmusee.qc.ca\/app\/uploads\/2023\/06\/logo-amiral-1.png\" alt=\"\" class=\"wp-image-19096\" style=\"aspect-ratio:3.0833333333333335;width:163px;height:auto\"\/><\/figure>\n","protected":false},"excerpt":{"rendered":"<p>The online publication of the ethnohistorical collections of Pointe-\u00e0-Calli\u00e8re was designed and carried out by Pointe-\u00e0-Calli\u00e8re, Montreal archaeology and history complexe, with the support of the Museums Assistance Program \u2013 Digital Access to Heritage component of the Canadian Heritage Ministry and the contribution of several partners. The Museum would like to warmly thank them! Credits [&hellip;]<\/p>\n","protected":false},"author":1,"featured_media":0,"parent":0,"menu_order":0,"comment_status":"closed","ping_status":"closed","template":"","meta":{"_acf_changed":false,"footnotes":""},"class_list":["post-23298","page","type-page","status-publish","hentry"],"acf":[],"yoast_head":"<!-- This site is optimized with the Yoast SEO plugin v26.8 - https:\/\/yoast.com\/product\/yoast-seo-wordpress\/ -->\n<title>Credits - Collections ethnohistoriques \u2013 Pointe-\u00e0-Calli\u00e8re<\/title>\n<meta name=\"robots\" content=\"index, follow, max-snippet:-1, max-image-preview:large, max-video-preview:-1\" \/>\n<link rel=\"canonical\" href=\"https:\/\/collections.pacmusee.qc.ca\/en\/credits\/\" \/>\n<meta property=\"og:locale\" content=\"en_US\" \/>\n<meta property=\"og:type\" content=\"article\" \/>\n<meta property=\"og:title\" content=\"Credits - Collections ethnohistoriques \u2013 Pointe-\u00e0-Calli\u00e8re\" \/>\n<meta property=\"og:description\" content=\"The online publication of the ethnohistorical collections of Pointe-\u00e0-Calli\u00e8re was designed and carried out by Pointe-\u00e0-Calli\u00e8re, Montreal archaeology and history complexe, with the support of the Museums Assistance Program \u2013 Digital Access to Heritage component of the Canadian Heritage Ministry and the contribution of several partners. The Museum would like to warmly thank them! Credits [&hellip;]\" \/>\n<meta property=\"og:url\" content=\"https:\/\/collections.pacmusee.qc.ca\/en\/credits\/\" \/>\n<meta property=\"og:site_name\" content=\"Collections ethnohistoriques \u2013 Pointe-\u00e0-Calli\u00e8re\" \/>\n<meta property=\"article:modified_time\" content=\"2024-11-01T19:52:43+00:00\" \/>\n<meta property=\"og:image\" content=\"https:\/\/collections.pacmusee.qc.ca\/app\/uploads\/2023\/06\/paclogo_mention_noir-1024x424.png\" \/>\n<meta name=\"twitter:card\" content=\"summary_large_image\" \/>\n<meta name=\"twitter:label1\" content=\"Est. reading time\" \/>\n\t<meta name=\"twitter:data1\" content=\"2 minutes\" \/>\n<script type=\"application\/ld+json\" class=\"yoast-schema-graph\">{\"@context\":\"https:\/\/schema.org\",\"@graph\":[{\"@type\":\"WebPage\",\"@id\":\"https:\/\/collections.pacmusee.qc.ca\/en\/credits\/\",\"url\":\"https:\/\/collections.pacmusee.qc.ca\/en\/credits\/\",\"name\":\"Credits - Collections ethnohistoriques \u2013 Pointe-\u00e0-Calli\u00e8re\",\"isPartOf\":{\"@id\":\"https:\/\/collections.pacmusee.qc.ca\/en\/#website\"},\"primaryImageOfPage\":{\"@id\":\"https:\/\/collections.pacmusee.qc.ca\/en\/credits\/#primaryimage\"},\"image\":{\"@id\":\"https:\/\/collections.pacmusee.qc.ca\/en\/credits\/#primaryimage\"},\"thumbnailUrl\":\"https:\/\/collections.pacmusee.qc.ca\/app\/uploads\/2023\/06\/paclogo_mention_noir-1024x424.png\",\"datePublished\":\"2023-03-21T15:15:57+00:00\",\"dateModified\":\"2024-11-01T19:52:43+00:00\",\"inLanguage\":\"en-US\",\"potentialAction\":[{\"@type\":\"ReadAction\",\"target\":[\"https:\/\/collections.pacmusee.qc.ca\/en\/credits\/\"]}]},{\"@type\":\"ImageObject\",\"inLanguage\":\"en-US\",\"@id\":\"https:\/\/collections.pacmusee.qc.ca\/en\/credits\/#primaryimage\",\"url\":\"https:\/\/collections.pacmusee.qc.ca\/app\/uploads\/2023\/06\/paclogo_mention_noir-1024x424.png\",\"contentUrl\":\"https:\/\/collections.pacmusee.qc.ca\/app\/uploads\/2023\/06\/paclogo_mention_noir-1024x424.png\"},{\"@type\":\"WebSite\",\"@id\":\"https:\/\/collections.pacmusee.qc.ca\/en\/#website\",\"url\":\"https:\/\/collections.pacmusee.qc.ca\/en\/\",\"name\":\"Collections ethnohistoriques \u2013 Pointe-\u00e0-Calli\u00e8re\",\"description\":\"D\u00e9couvrez les collections ethnohistoriques du mus\u00e9e Pointe-\u00e0-Calli\u00e8re.\",\"potentialAction\":[{\"@type\":\"SearchAction\",\"target\":{\"@type\":\"EntryPoint\",\"urlTemplate\":\"https:\/\/collections.pacmusee.qc.ca\/en\/?s={search_term_string}\"},\"query-input\":{\"@type\":\"PropertyValueSpecification\",\"valueRequired\":true,\"valueName\":\"search_term_string\"}}],\"inLanguage\":\"en-US\"}]}<\/script>\n<!-- \/ Yoast SEO plugin. -->","yoast_head_json":{"title":"Credits - Collections ethnohistoriques \u2013 Pointe-\u00e0-Calli\u00e8re","robots":{"index":"index","follow":"follow","max-snippet":"max-snippet:-1","max-image-preview":"max-image-preview:large","max-video-preview":"max-video-preview:-1"},"canonical":"https:\/\/collections.pacmusee.qc.ca\/en\/credits\/","og_locale":"en_US","og_type":"article","og_title":"Credits - Collections ethnohistoriques \u2013 Pointe-\u00e0-Calli\u00e8re","og_description":"The online publication of the ethnohistorical collections of Pointe-\u00e0-Calli\u00e8re was designed and carried out by Pointe-\u00e0-Calli\u00e8re, Montreal archaeology and history complexe, with the support of the Museums Assistance Program \u2013 Digital Access to Heritage component of the Canadian Heritage Ministry and the contribution of several partners. The Museum would like to warmly thank them! Credits [&hellip;]","og_url":"https:\/\/collections.pacmusee.qc.ca\/en\/credits\/","og_site_name":"Collections ethnohistoriques \u2013 Pointe-\u00e0-Calli\u00e8re","article_modified_time":"2024-11-01T19:52:43+00:00","og_image":[{"url":"https:\/\/collections.pacmusee.qc.ca\/app\/uploads\/2023\/06\/paclogo_mention_noir-1024x424.png","type":"","width":"","height":""}],"twitter_card":"summary_large_image","twitter_misc":{"Est. reading time":"2 minutes"},"schema":{"@context":"https:\/\/schema.org","@graph":[{"@type":"WebPage","@id":"https:\/\/collections.pacmusee.qc.ca\/en\/credits\/","url":"https:\/\/collections.pacmusee.qc.ca\/en\/credits\/","name":"Credits - Collections ethnohistoriques \u2013 Pointe-\u00e0-Calli\u00e8re","isPartOf":{"@id":"https:\/\/collections.pacmusee.qc.ca\/en\/#website"},"primaryImageOfPage":{"@id":"https:\/\/collections.pacmusee.qc.ca\/en\/credits\/#primaryimage"},"image":{"@id":"https:\/\/collections.pacmusee.qc.ca\/en\/credits\/#primaryimage"},"thumbnailUrl":"https:\/\/collections.pacmusee.qc.ca\/app\/uploads\/2023\/06\/paclogo_mention_noir-1024x424.png","datePublished":"2023-03-21T15:15:57+00:00","dateModified":"2024-11-01T19:52:43+00:00","inLanguage":"en-US","potentialAction":[{"@type":"ReadAction","target":["https:\/\/collections.pacmusee.qc.ca\/en\/credits\/"]}]},{"@type":"ImageObject","inLanguage":"en-US","@id":"https:\/\/collections.pacmusee.qc.ca\/en\/credits\/#primaryimage","url":"https:\/\/collections.pacmusee.qc.ca\/app\/uploads\/2023\/06\/paclogo_mention_noir-1024x424.png","contentUrl":"https:\/\/collections.pacmusee.qc.ca\/app\/uploads\/2023\/06\/paclogo_mention_noir-1024x424.png"},{"@type":"WebSite","@id":"https:\/\/collections.pacmusee.qc.ca\/en\/#website","url":"https:\/\/collections.pacmusee.qc.ca\/en\/","name":"Collections ethnohistoriques \u2013 Pointe-\u00e0-Calli\u00e8re","description":"D\u00e9couvrez les collections ethnohistoriques du mus\u00e9e Pointe-\u00e0-Calli\u00e8re.","potentialAction":[{"@type":"SearchAction","target":{"@type":"EntryPoint","urlTemplate":"https:\/\/collections.pacmusee.qc.ca\/en\/?s={search_term_string}"},"query-input":{"@type":"PropertyValueSpecification","valueRequired":true,"valueName":"search_term_string"}}],"inLanguage":"en-US"}]}},"_links":{"self":[{"href":"https:\/\/collections.pacmusee.qc.ca\/en\/wp-json\/wp\/v2\/pages\/23298","targetHints":{"allow":["GET"]}}],"collection":[{"href":"https:\/\/collections.pacmusee.qc.ca\/en\/wp-json\/wp\/v2\/pages"}],"about":[{"href":"https:\/\/collections.pacmusee.qc.ca\/en\/wp-json\/wp\/v2\/types\/page"}],"author":[{"embeddable":true,"href":"https:\/\/collections.pacmusee.qc.ca\/en\/wp-json\/wp\/v2\/users\/1"}],"replies":[{"embeddable":true,"href":"https:\/\/collections.pacmusee.qc.ca\/en\/wp-json\/wp\/v2\/comments?post=23298"}],"version-history":[{"count":35,"href":"https:\/\/collections.pacmusee.qc.ca\/en\/wp-json\/wp\/v2\/pages\/23298\/revisions"}],"predecessor-version":[{"id":321868,"href":"https:\/\/collections.pacmusee.qc.ca\/en\/wp-json\/wp\/v2\/pages\/23298\/revisions\/321868"}],"wp:attachment":[{"href":"https:\/\/collections.pacmusee.qc.ca\/en\/wp-json\/wp\/v2\/media?parent=23298"}],"curies":[{"name":"wp","href":"https:\/\/api.w.org\/{rel}","templated":true}]}}