{"id":1807,"date":"2023-02-21T23:12:26","date_gmt":"2023-02-22T04:12:26","guid":{"rendered":"http:\/\/collections.pacmusee.qc.ca\/un-objet-des-histoires\/"},"modified":"2023-10-06T14:30:31","modified_gmt":"2023-10-06T18:30:31","slug":"an-object-stories","status":"publish","type":"page","link":"https:\/\/collections.pacmusee.qc.ca\/en\/an-object-stories\/","title":{"rendered":"An object, stories"},"content":{"rendered":"","protected":false},"excerpt":{"rendered":"","protected":false},"author":1,"featured_media":0,"parent":0,"menu_order":0,"comment_status":"closed","ping_status":"closed","template":"controllers\/object.php","meta":{"_acf_changed":false,"footnotes":""},"class_list":["post-1807","page","type-page","status-publish","hentry"],"acf":[],"yoast_head":"<!-- This site is optimized with the Yoast SEO plugin v26.8 - https:\/\/yoast.com\/product\/yoast-seo-wordpress\/ -->\n<title>An object, stories - Collections ethnohistoriques \u2013 Pointe-\u00e0-Calli\u00e8re<\/title>\n<meta name=\"robots\" content=\"index, follow, max-snippet:-1, max-image-preview:large, max-video-preview:-1\" \/>\n<link rel=\"canonical\" href=\"https:\/\/collections.pacmusee.qc.ca\/en\/an-object-stories\/\" \/>\n<meta property=\"og:locale\" content=\"en_US\" \/>\n<meta property=\"og:type\" content=\"article\" \/>\n<meta property=\"og:title\" content=\"An object, stories - Collections ethnohistoriques \u2013 Pointe-\u00e0-Calli\u00e8re\" \/>\n<meta property=\"og:url\" content=\"https:\/\/collections.pacmusee.qc.ca\/en\/an-object-stories\/\" \/>\n<meta property=\"og:site_name\" content=\"Collections ethnohistoriques \u2013 Pointe-\u00e0-Calli\u00e8re\" \/>\n<meta property=\"article:modified_time\" content=\"2023-10-06T18:30:31+00:00\" \/>\n<meta name=\"twitter:card\" content=\"summary_large_image\" \/>\n<script type=\"application\/ld+json\" class=\"yoast-schema-graph\">{\"@context\":\"https:\/\/schema.org\",\"@graph\":[{\"@type\":\"WebPage\",\"@id\":\"https:\/\/collections.pacmusee.qc.ca\/en\/an-object-stories\/\",\"url\":\"https:\/\/collections.pacmusee.qc.ca\/en\/an-object-stories\/\",\"name\":\"An object, stories - Collections ethnohistoriques \u2013 Pointe-\u00e0-Calli\u00e8re\",\"isPartOf\":{\"@id\":\"https:\/\/collections.pacmusee.qc.ca\/en\/#website\"},\"datePublished\":\"2023-02-22T04:12:26+00:00\",\"dateModified\":\"2023-10-06T18:30:31+00:00\",\"inLanguage\":\"en-US\",\"potentialAction\":[{\"@type\":\"ReadAction\",\"target\":[\"https:\/\/collections.pacmusee.qc.ca\/en\/an-object-stories\/\"]}]},{\"@type\":\"WebSite\",\"@id\":\"https:\/\/collections.pacmusee.qc.ca\/en\/#website\",\"url\":\"https:\/\/collections.pacmusee.qc.ca\/en\/\",\"name\":\"Collections ethnohistoriques \u2013 Pointe-\u00e0-Calli\u00e8re\",\"description\":\"D\u00e9couvrez les collections ethnohistoriques du mus\u00e9e Pointe-\u00e0-Calli\u00e8re.\",\"potentialAction\":[{\"@type\":\"SearchAction\",\"target\":{\"@type\":\"EntryPoint\",\"urlTemplate\":\"https:\/\/collections.pacmusee.qc.ca\/en\/?s={search_term_string}\"},\"query-input\":{\"@type\":\"PropertyValueSpecification\",\"valueRequired\":true,\"valueName\":\"search_term_string\"}}],\"inLanguage\":\"en-US\"}]}<\/script>\n<!-- \/ Yoast SEO plugin. -->","yoast_head_json":{"title":"An object, stories - Collections ethnohistoriques \u2013 Pointe-\u00e0-Calli\u00e8re","robots":{"index":"index","follow":"follow","max-snippet":"max-snippet:-1","max-image-preview":"max-image-preview:large","max-video-preview":"max-video-preview:-1"},"canonical":"https:\/\/collections.pacmusee.qc.ca\/en\/an-object-stories\/","og_locale":"en_US","og_type":"article","og_title":"An object, stories - Collections ethnohistoriques \u2013 Pointe-\u00e0-Calli\u00e8re","og_url":"https:\/\/collections.pacmusee.qc.ca\/en\/an-object-stories\/","og_site_name":"Collections ethnohistoriques \u2013 Pointe-\u00e0-Calli\u00e8re","article_modified_time":"2023-10-06T18:30:31+00:00","twitter_card":"summary_large_image","schema":{"@context":"https:\/\/schema.org","@graph":[{"@type":"WebPage","@id":"https:\/\/collections.pacmusee.qc.ca\/en\/an-object-stories\/","url":"https:\/\/collections.pacmusee.qc.ca\/en\/an-object-stories\/","name":"An object, stories - Collections ethnohistoriques \u2013 Pointe-\u00e0-Calli\u00e8re","isPartOf":{"@id":"https:\/\/collections.pacmusee.qc.ca\/en\/#website"},"datePublished":"2023-02-22T04:12:26+00:00","dateModified":"2023-10-06T18:30:31+00:00","inLanguage":"en-US","potentialAction":[{"@type":"ReadAction","target":["https:\/\/collections.pacmusee.qc.ca\/en\/an-object-stories\/"]}]},{"@type":"WebSite","@id":"https:\/\/collections.pacmusee.qc.ca\/en\/#website","url":"https:\/\/collections.pacmusee.qc.ca\/en\/","name":"Collections ethnohistoriques \u2013 Pointe-\u00e0-Calli\u00e8re","description":"D\u00e9couvrez les collections ethnohistoriques du mus\u00e9e Pointe-\u00e0-Calli\u00e8re.","potentialAction":[{"@type":"SearchAction","target":{"@type":"EntryPoint","urlTemplate":"https:\/\/collections.pacmusee.qc.ca\/en\/?s={search_term_string}"},"query-input":{"@type":"PropertyValueSpecification","valueRequired":true,"valueName":"search_term_string"}}],"inLanguage":"en-US"}]}},"_links":{"self":[{"href":"https:\/\/collections.pacmusee.qc.ca\/en\/wp-json\/wp\/v2\/pages\/1807","targetHints":{"allow":["GET"]}}],"collection":[{"href":"https:\/\/collections.pacmusee.qc.ca\/en\/wp-json\/wp\/v2\/pages"}],"about":[{"href":"https:\/\/collections.pacmusee.qc.ca\/en\/wp-json\/wp\/v2\/types\/page"}],"author":[{"embeddable":true,"href":"https:\/\/collections.pacmusee.qc.ca\/en\/wp-json\/wp\/v2\/users\/1"}],"replies":[{"embeddable":true,"href":"https:\/\/collections.pacmusee.qc.ca\/en\/wp-json\/wp\/v2\/comments?post=1807"}],"version-history":[{"count":3,"href":"https:\/\/collections.pacmusee.qc.ca\/en\/wp-json\/wp\/v2\/pages\/1807\/revisions"}],"predecessor-version":[{"id":29337,"href":"https:\/\/collections.pacmusee.qc.ca\/en\/wp-json\/wp\/v2\/pages\/1807\/revisions\/29337"}],"wp:attachment":[{"href":"https:\/\/collections.pacmusee.qc.ca\/en\/wp-json\/wp\/v2\/media?parent=1807"}],"curies":[{"name":"wp","href":"https:\/\/api.w.org\/{rel}","templated":true}]}}